{"id":296,"date":"2017-03-01T18:29:49","date_gmt":"2017-03-01T18:29:49","guid":{"rendered":"http:\/\/sperzelhp.de\/?page_id=296"},"modified":"2017-03-01T18:29:49","modified_gmt":"2017-03-01T18:29:49","slug":"links","status":"publish","type":"page","link":"https:\/\/sperzelhp.de\/?page_id=296","title":{"rendered":"Links"},"content":{"rendered":"<p>F\u00fcr die hier dargestellten Links\u00a0 und die Inhalte der beschriebenen Seiten \u00fcbernehme ich keine Verantwortung. F\u00fcr mich sind sie wichtig und n\u00fctzlich. Daher stehen sie hier auf dieser Seite!<br \/>\n\n<table id=\"tablepress-1\" class=\"tablepress tablepress-id-1\">\n<tbody class=\"row-striping row-hover\">\n<tr class=\"row-1\">\n\t<td class=\"column-1\">Zen Kloster im Allg\u00e4u<\/td><td class=\"column-2\"><a href=\"http:\/\/www.zen-schule.de\" target=\"_blank\">Zen in Buchenberg<\/a><\/td>\n<\/tr>\n<tr class=\"row-2\">\n\t<td class=\"column-1\">Yogamatten und mehr<\/td><td class=\"column-2\"><a href=\"http:\/\/www.yogamatsandmore.com\" target=\"_blank\">Yogamatten und mehr<\/a><\/td>\n<\/tr>\n<tr class=\"row-3\">\n\t<td class=\"column-1\">Yoga in Frankfurt<\/td><td class=\"column-2\"><a href=\"http:\/\/www.shiva-yoga.de\" target=\"_blank\">Shiva<\/a><\/td>\n<\/tr>\n<tr class=\"row-4\">\n\t<td class=\"column-1\">Nachrichten <\/td><td class=\"column-2\"><a href=\"http:\/\/www.nachdenkseiten.de\" target=\"_blank\">Nachdenkseiten<\/a><\/td>\n<\/tr>\n<tr class=\"row-5\">\n\t<td class=\"column-1\">Alternative Suchmaschine<\/td><td class=\"column-2\"><a href=\"http:\/\/www.MetaGer.de\" target=\"_blank\">MetaGer<\/a><\/td>\n<\/tr>\n<tr class=\"row-6\">\n\t<td class=\"column-1\">Kosmetik und Yoga in Hochheim<\/td><td class=\"column-2\"><a href=\"http:\/\/www.bodymindyoga.de\" target=\"_blank\">Ayurveda<\/a><\/td>\n<\/tr>\n<\/tbody>\n<\/table>\n<!-- #tablepress-1 from cache --><\/p>\n<div class=\"pdfprnt-buttons pdfprnt-buttons-page pdfprnt-bottom-right\"><a href=\"https:\/\/sperzelhp.de\/index.php?rest_route=%2Fwp%2Fv2%2Fpages%2F296&print=pdf\" class=\"pdfprnt-button pdfprnt-button-pdf\" target=\"_blank\" ><img decoding=\"async\" src=\"https:\/\/sperzelhp.de\/wp-content\/plugins\/pdf-print\/images\/pdf.png\" alt=\"image_pdf\" title=\"PDF anzeigen\" \/><\/a><a href=\"https:\/\/sperzelhp.de\/index.php?rest_route=%2Fwp%2Fv2%2Fpages%2F296&print=print\" class=\"pdfprnt-button pdfprnt-button-print\" target=\"_blank\" ><img decoding=\"async\" src=\"https:\/\/sperzelhp.de\/wp-content\/plugins\/pdf-print\/images\/print.png\" alt=\"image_print\" title=\"Inhalt drucken\" \/><\/a><\/div>","protected":false},"excerpt":{"rendered":"<p>F\u00fcr die hier dargestellten Links\u00a0 und die Inhalte der beschriebenen Seiten \u00fcbernehme ich keine Verantwortung. F\u00fcr mich sind sie wichtig und n\u00fctzlich. Daher stehen sie<\/p>\n","protected":false},"author":1,"featured_media":0,"parent":0,"menu_order":5,"comment_status":"closed","ping_status":"closed","template":"","meta":{"footnotes":"","_links_to":"","_links_to_target":""},"class_list":["post-296","page","type-page","status-publish","hentry"],"_links":{"self":[{"href":"https:\/\/sperzelhp.de\/index.php?rest_route=\/wp\/v2\/pages\/296","targetHints":{"allow":["GET"]}}],"collection":[{"href":"https:\/\/sperzelhp.de\/index.php?rest_route=\/wp\/v2\/pages"}],"about":[{"href":"https:\/\/sperzelhp.de\/index.php?rest_route=\/wp\/v2\/types\/page"}],"author":[{"embeddable":true,"href":"https:\/\/sperzelhp.de\/index.php?rest_route=\/wp\/v2\/users\/1"}],"replies":[{"embeddable":true,"href":"https:\/\/sperzelhp.de\/index.php?rest_route=%2Fwp%2Fv2%2Fcomments&post=296"}],"version-history":[{"count":2,"href":"https:\/\/sperzelhp.de\/index.php?rest_route=\/wp\/v2\/pages\/296\/revisions"}],"predecessor-version":[{"id":299,"href":"https:\/\/sperzelhp.de\/index.php?rest_route=\/wp\/v2\/pages\/296\/revisions\/299"}],"wp:attachment":[{"href":"https:\/\/sperzelhp.de\/index.php?rest_route=%2Fwp%2Fv2%2Fmedia&parent=296"}],"curies":[{"name":"wp","href":"https:\/\/api.w.org\/{rel}","templated":true}]}}