{"id":32,"date":"2016-01-20T20:56:27","date_gmt":"2016-01-20T20:56:27","guid":{"rendered":"http:\/\/sperzelhp.de\/?page_id=32"},"modified":"2021-10-07T12:45:02","modified_gmt":"2021-10-07T12:45:02","slug":"agb","status":"publish","type":"page","link":"https:\/\/sperzelhp.de\/?page_id=32","title":{"rendered":"AGB"},"content":{"rendered":"<p>Die Gesch\u00e4ftsbedingungen gelten nur f\u00fcr Veranstaltungen, die ich in eigener Verantwortung durchf\u00fchre. F\u00fcr die Besch\u00e4ftigung sowohl als Honorarkraft als auch als Gastlehrer gelten die Gesch\u00e4ftsbedingungen des veranstaltenden Studios. Soweit keine besonderen Absprachen im Unterrichtsvertrag schriftlich oder auch m\u00fcndlich getroffen worden sind, gelten f\u00fcr die Unterrichtsangebote von sperzelhp folgende allgemeine Gesch\u00e4ftsbedingungen:<br \/>\n<strong>1. Leistungsumfang<\/strong><br \/>\nDer Abschluss eines Unterrichtsvertrages berechtigt grunds\u00e4tzlich zur Teilnahme an den gebuchten Unterrichtsstunden. Eine Unterrichtsstunde f\u00fcr Kurse in der Gruppe umfasst 90 min (UE). Eine Unterrichtsstunde in Workshops betr\u00e4gt 180 min (2 UE). Die Einzelstunde umfasst 60 min. Der Yogalehrer ist in der Auswahl und Gestaltung des Lehrinhalts frei.<br \/>\nEs besteht kein Anspruch auf einen bestimmten Lehrstoff. Eine Garantie f\u00fcr einen Lernfortschritt des Teilnehmers \u00fcbernimmt der Yogalehrer nicht.<br \/>\n<strong>2. Unterrichtsausfall<\/strong><br \/>\nEntf\u00e4llt der Unterricht aus Gr\u00fcnden, die der Vertragspartner zu vertreten hat &#8211; etwa infolge einer Krankheit des Teilnehmers -, so ist dieser grunds\u00e4tzlich nicht berechtigt, die ausgefallenen Unterrichtsstunden an einem sp\u00e4teren Termin nachzuholen. Eine R\u00fcckerstattung des Entgelts f\u00fcr den ausgefallenen Unterricht ist ausgeschlossen.<br \/>\n<strong>3. Ausschluss vom Unterricht<\/strong><br \/>\nDere Yogalehrer beh\u00e4lt sich vor, einzelne Teilnehmer aus wichtigem Grund vom Unterricht auszuschlie\u00dfen. Als wichtige Gr\u00fcnde gelten etwa dauerndes, nachhaltiges St\u00f6ren anderer Kursteilnehmer oder mutwillige Zerst\u00f6rung von Unterrichtsmaterialien etc. Im Falle des Ausschlusses vom Unterricht bleibt der Vertragspartner zur Entrichtung des gesamten Unterrichtentgeltes f\u00fcr den laufenden Unterricht verpflichtet.<br \/>\n<strong>4. R\u00fccktritte und Stornierungen<\/strong><br \/>\nStornierungen oder R\u00fccktritte, die sp\u00e4testens 3 Tage vor Seminarbeginn schriftlich (Fax, Mail, Brief) eintreffen, erfolgen kostenlos. Der Yogalehrer beh\u00e4lt sich die Absage oder \u00c4nderung der Kurse aus organisatorischen Gr\u00fcnden vor. Ein ausgeschriebener Kurs kann in der Regel nur durchgef\u00fchrt werden, wenn bis zu Beginn des Kurses die Mindestteilnehmerzahl erreicht wurde.<br \/>\n<strong>5. Zahlung<\/strong><br \/>\nAnmeldung zu einem Kurs oder einer \u00dcbungsstunde erfolgt jeweils bei Eingang der entsprechenden Kursgeb\u00fchr (bar, \u00dcberweisung, Bankeinzug). Sollte eine R\u00fcckbuchung von Seiten des Vertragspartners aus vertragsbr\u00fcchigen Gr\u00fcnden zustande kommen, werden die R\u00fcckbuchungsgeb\u00fchren dem Vertragspartner in Rechnung gestellt.<br \/>\n<strong>6. Preise<\/strong><br \/>\nDruckfehler, Preis\u00e4nderungen und Irrt\u00fcmer sind uns vorbehalten.<br \/>\n<strong>7. Eigentumsvorbehalt<\/strong><br \/>\nVerkaufte Ware (Sammelbestellung von Unterrichtsmittel, Matten, Kl\u00f6tze) bleibt bis zur vollst\u00e4ndigen Bezahlung Eigentum des Yogalehrers.<br \/>\n<strong>8. Haftung<\/strong><br \/>\nF\u00fcr Sch\u00e4den, die die Teilnehmer im Yogaunterricht erleiden, haftet der Yogalehrer nur bei grob fahrl\u00e4ssigem oder vors\u00e4tzlichem Verhalten seinerseits oder anderem Personal. Der Yogalehrere haftet nicht f\u00fcr Sch\u00e4den, die die Teilnehmer auf dem Hin- und R\u00fcckweg zum \u00dcbungsraum erleiden.<br \/>\nJeder Unterricht verfolgt das Ziel, die Techniken des Yoga (Entspannung, Atemarbeit, K\u00f6rperarbeit, Energiearbeit) so weiter zu vermitteln, dass Interessierte zunehmend in die Lage versetzt werden, selbstst\u00e4ndig mit diesen Techniken zu arbeiten und zu \u00fcben. Liegen beim Teilnehmer akute oder chronische Krankheitsbilder vor, sind diese vor dem Unterricht dem Unterrichtenden anzuzeigen. Dabei kann es notwendig werden, den behandelnden Arzt vor der Teilnahme am Yogaunterricht zum Thema &#8222;Yoga und Meditaion&#8220; zu konsultieren, um m\u00f6gliche Risiken auszuschlie\u00dfen. Der Unterricht selbst verfolgt keine therapeutischen oder heilenden Ziele.<br \/>\n<strong>9. Unterrichtsmaterialien<\/strong><br \/>\nDer Yogalehrer stellt s\u00e4mtliche f\u00fcr den Unterricht ben\u00f6tigten Materialien den Teilnehmern zur Verf\u00fcgung. Dieser hat kein Zur\u00fcckbehaltungsrecht an ihm \u00fcberlassenen Materialien.<br \/>\n<strong>10. K\u00fcndigung<\/strong><br \/>\nDieser Vertrag kann von beiden Seiten jederzeit mit einer Frist von zwei Wochen zum Ende eines jeden Vertragsmonats schriftlich gek\u00fcndigt werden.<br \/>\n<strong>11. Gerichtsstand<\/strong><br \/>\nF\u00fcr alle Streitigkeiten aus diesem Vertrag ist der Gerichtsstand Hochheim.<\/p>\n<div class=\"pdfprnt-buttons pdfprnt-buttons-page pdfprnt-bottom-right\"><a href=\"https:\/\/sperzelhp.de\/index.php?rest_route=%2Fwp%2Fv2%2Fpages%2F32&print=pdf\" class=\"pdfprnt-button pdfprnt-button-pdf\" target=\"_blank\" ><img decoding=\"async\" src=\"https:\/\/sperzelhp.de\/wp-content\/plugins\/pdf-print\/images\/pdf.png\" alt=\"image_pdf\" title=\"PDF anzeigen\" \/><\/a><a href=\"https:\/\/sperzelhp.de\/index.php?rest_route=%2Fwp%2Fv2%2Fpages%2F32&print=print\" class=\"pdfprnt-button pdfprnt-button-print\" target=\"_blank\" ><img decoding=\"async\" src=\"https:\/\/sperzelhp.de\/wp-content\/plugins\/pdf-print\/images\/print.png\" alt=\"image_print\" title=\"Inhalt drucken\" \/><\/a><\/div>","protected":false},"excerpt":{"rendered":"<p>Die Gesch\u00e4ftsbedingungen gelten nur f\u00fcr Veranstaltungen, die ich in eigener Verantwortung durchf\u00fchre. F\u00fcr die Besch\u00e4ftigung sowohl als Honorarkraft als auch als Gastlehrer gelten die Gesch\u00e4ftsbedingungen<\/p>\n","protected":false},"author":1,"featured_media":0,"parent":13,"menu_order":5,"comment_status":"closed","ping_status":"closed","template":"","meta":{"footnotes":"","_links_to":"","_links_to_target":""},"class_list":["post-32","page","type-page","status-publish","hentry"],"_links":{"self":[{"href":"https:\/\/sperzelhp.de\/index.php?rest_route=\/wp\/v2\/pages\/32","targetHints":{"allow":["GET"]}}],"collection":[{"href":"https:\/\/sperzelhp.de\/index.php?rest_route=\/wp\/v2\/pages"}],"about":[{"href":"https:\/\/sperzelhp.de\/index.php?rest_route=\/wp\/v2\/types\/page"}],"author":[{"embeddable":true,"href":"https:\/\/sperzelhp.de\/index.php?rest_route=\/wp\/v2\/users\/1"}],"replies":[{"embeddable":true,"href":"https:\/\/sperzelhp.de\/index.php?rest_route=%2Fwp%2Fv2%2Fcomments&post=32"}],"version-history":[{"count":1,"href":"https:\/\/sperzelhp.de\/index.php?rest_route=\/wp\/v2\/pages\/32\/revisions"}],"predecessor-version":[{"id":33,"href":"https:\/\/sperzelhp.de\/index.php?rest_route=\/wp\/v2\/pages\/32\/revisions\/33"}],"up":[{"embeddable":true,"href":"https:\/\/sperzelhp.de\/index.php?rest_route=\/wp\/v2\/pages\/13"}],"wp:attachment":[{"href":"https:\/\/sperzelhp.de\/index.php?rest_route=%2Fwp%2Fv2%2Fmedia&parent=32"}],"curies":[{"name":"wp","href":"https:\/\/api.w.org\/{rel}","templated":true}]}}