{"id":326,"date":"2017-03-03T17:36:25","date_gmt":"2017-03-03T17:36:25","guid":{"rendered":"http:\/\/sperzelhp.de\/?page_id=326"},"modified":"2019-12-15T08:25:33","modified_gmt":"2019-12-15T08:25:33","slug":"uebungsanleitungen","status":"publish","type":"page","link":"https:\/\/sperzelhp.de\/?page_id=326","title":{"rendered":"\u00dcbungsanleitungen"},"content":{"rendered":"<p>Nachfolgend stelle ich eine Sammlung von \u00dcbungsanleitungen zur Verf\u00fcgung.<br \/>\nDiese sind unterteilt in \u00dcbungen (Asanas, Pranayamas), Kurz\u00fcbungsanleitungen (max 10 bis 12 Minuten-Programme) und \u00dcbungsreihen (z.B. Sonnengebet) sowie \u00dcbungsgestaltungen f\u00fcr spezifische Themen, die mit Yoga in Verbindung stehen (z.B. Lotushaltung f\u00fcr die Meditation]. Die Beschreibungen stehen teilweise als PDF und Download zur Verf\u00fcgung. Andere, kurze Texte werden als Artikel angeboten und k\u00f6nnen einfach ausgedruckt werden.<\/p>\n\n<table id=\"tablepress-2\" class=\"tablepress tablepress-id-2\">\n<tbody class=\"row-striping row-hover\">\n<tr class=\"row-1\">\n\t<td class=\"column-1\"><a href=\"https:\/\/sperzelhp.de\/?p=441\" target=\"_blank\" rel=\"noopener noreferrer\">Yogaatem<\/a><\/td><td class=\"column-2\">Vollst\u00e4ndiger Yoga-Atem<\/td><td class=\"column-3\">Erl\u00e4uterung<\/td><td class=\"column-4\">B 001<\/td><td class=\"column-5\">Artikel<\/td>\n<\/tr>\n<tr class=\"row-2\">\n\t<td class=\"column-1\"><a href=\"https:\/\/sperzelhp.de\/?p=653\" rel=\"noopener noreferrer\" target=\"_blank\">Innere Entspannung<\/a><\/td><td class=\"column-2\">Innere Enspannung ins Hara<\/td><td class=\"column-3\">Erl\u00e4uterung<\/td><td class=\"column-4\">B 002<\/td><td class=\"column-5\">Artikel<\/td>\n<\/tr>\n<tr class=\"row-3\">\n\t<td class=\"column-1\"><a href=\"https:\/\/sperzelhp.de\/?p=751\">Lotushaltung- sitzende Meditation<\/a><\/td><td class=\"column-2\">Erlernen und \u00dcben von Padmasana<\/td><td class=\"column-3\">Erlernen und \u00dcben<\/td><td class=\"column-4\">E 001<\/td><td class=\"column-5\">Download-PDF<\/td>\n<\/tr>\n<tr class=\"row-4\">\n\t<td class=\"column-1\"><a href=\"https:\/\/sperzelhp.de\/?p=910\" >Padmasana (Lotussitz)<\/a><\/td><td class=\"column-2\">Die Vervollkommnung von Padmasana<\/td><td class=\"column-3\">Erlernen und \u00dcben<\/td><td class=\"column-4\">E 002<\/td><td class=\"column-5\">Download-PDF<\/td>\n<\/tr>\n<tr class=\"row-5\">\n\t<td class=\"column-1\"><a href=\"http:\/\/sperzelhp.de\/?p=313\">Surjanamaskar<\/a><\/td><td class=\"column-2\">Das Sonnengebet<\/td><td class=\"column-3\">\u00dcbungsreihe<\/td><td class=\"column-4\">G 001<\/td><td class=\"column-5\">Artikel<\/td>\n<\/tr>\n<tr class=\"row-6\">\n\t<td class=\"column-1\"><a href=\"http:\/\/sperzelhp.de\/?p=340\">Virabhandrasana<\/a><\/td><td class=\"column-2\">Die Kriegerreihe<\/td><td class=\"column-3\">\u00dcbungsreihe<\/td><td class=\"column-4\">G 002<\/td><td class=\"column-5\">Artikel<\/td>\n<\/tr>\n<tr class=\"row-7\">\n\t<td class=\"column-1\"><a href=\"https:\/\/sperzelhp.de\/?p=545\">Lotus im Zazen<\/a><\/td><td class=\"column-2\">Lotus in Zazen<\/td><td class=\"column-3\">\u00dcbungsreihe <\/td><td class=\"column-4\">G 003<\/td><td class=\"column-5\">Artikel<\/td>\n<\/tr>\n<tr class=\"row-8\">\n\t<td class=\"column-1\"><a href=\"https:\/\/sperzelhp.de\/?p=606\" rel=\"noopener noreferrer\" target=\"_blank\">Beckenboden-Unterleib<\/a><\/td><td class=\"column-2\">Beckenboden und Unterleib<\/td><td class=\"column-3\">\u00dcbungsreihe<\/td><td class=\"column-4\">G 004<\/td><td class=\"column-5\">Artikel<\/td>\n<\/tr>\n<tr class=\"row-9\">\n\t<td class=\"column-1\"><a href=\"http:\/\/sperzelhp.de\/?p=303\">Tadasana<\/a><\/td><td class=\"column-2\">Der einfache Stand<\/td><td class=\"column-3\">\u00dcbung<\/td><td class=\"column-4\">H 001<\/td><td class=\"column-5\">Artikel<\/td>\n<\/tr>\n<tr class=\"row-10\">\n\t<td class=\"column-1\"><a href=\"http:\/\/sperzelhp.de\/?p=358\">Palmenhaltung<\/a><\/td><td class=\"column-2\">Die Palmenhaltung<\/td><td class=\"column-3\">\u00dcbung<\/td><td class=\"column-4\">H 002<\/td><td class=\"column-5\">Artikel<\/td>\n<\/tr>\n<tr class=\"row-11\">\n\t<td class=\"column-1\"><a href=\"http:\/\/sperzelhp.de\/?p=363\">Stehende VWB<\/a><\/td><td class=\"column-2\">Die stehende Vorw\u00e4rtsbeuge<\/td><td class=\"column-3\">\u00dcbung<\/td><td class=\"column-4\">H 003<\/td><td class=\"column-5\">Artikel<\/td>\n<\/tr>\n<tr class=\"row-12\">\n\t<td class=\"column-1\"><a href=\"https:\/\/sperzelhp.de\/?p=379\">Kopfstand<\/a><\/td><td class=\"column-2\">Der Kopfstand<\/td><td class=\"column-3\">\u00dcbung<\/td><td class=\"column-4\">H 004<\/td><td class=\"column-5\">Artikel<\/td>\n<\/tr>\n<tr class=\"row-13\">\n\t<td class=\"column-1\"><a href=\"https:\/\/sperzelhp.de\/?p=435\" target=\"_blank\" rel=\"noopener noreferrer\">Drehsitz<\/a><\/td><td class=\"column-2\">Der Drehsitz<\/td><td class=\"column-3\">\u00dcbung<\/td><td class=\"column-4\">H 005<\/td><td class=\"column-5\">Artikel<\/td>\n<\/tr>\n<tr class=\"row-14\">\n\t<td class=\"column-1\"><a href=\"http:\/\/sperzelhp.de\/?p=353\">Einf\u00fchrung Energetische Wahrnehmung<\/a><\/td><td class=\"column-2\">Die energetische Wahrnehmung<\/td><td class=\"column-3\">Kurz\u00fcbungsreihe<\/td><td class=\"column-4\">K 001<\/td><td class=\"column-5\">Artikel<\/td>\n<\/tr>\n<tr class=\"row-15\">\n\t<td class=\"column-1\"><a href=\"http:\/\/sperzelhp.de\/?p=349\">Grundlegende Einf\u00fchrung<\/a><\/td><td class=\"column-2\">Einf\u00fchrung in Yoga-Kurz\u00fcbungsreihen<\/td><td class=\"column-3\">Kurz\u00fcbungsreihe<\/td><td class=\"column-4\">K 002<\/td><td class=\"column-5\">Artikel<\/td>\n<\/tr>\n<tr class=\"row-16\">\n\t<td class=\"column-1\"><a href=\"http:\/\/sperzelhp.de\/?p=316\">Nach kreuzbeinigem Sitzen<\/a><\/td><td class=\"column-2\">Nach kreuzbeinigem Sitzen<\/td><td class=\"column-3\">Kurz\u00fcbungsreihe<\/td><td class=\"column-4\">P 001<\/td><td class=\"column-5\">Artikel<\/td>\n<\/tr>\n<tr class=\"row-17\">\n\t<td class=\"column-1\"><a href=\"https:\/\/sperzelhp.de\/?p=390\" target=\"_blank\" rel=\"noopener noreferrer\">Vorbereitung Sesshin<\/a><\/td><td class=\"column-2\">Vorbereitung (Sesshin)<\/td><td class=\"column-3\">Kurz\u00fcbungsreihe<\/td><td class=\"column-4\">P 002<\/td><td class=\"column-5\">Artikel<\/td>\n<\/tr>\n<tr class=\"row-18\">\n\t<td class=\"column-1\"><a href=\"https:\/\/sperzelhp.de\/?p=398\" target=\"_blank\" rel=\"noopener noreferrer\">Bewegungsrahmen Rumpf<\/a><\/td><td class=\"column-2\">Erweiterung des Bewegungsrahmens des Rumpfes<\/td><td class=\"column-3\">Kurz\u00fcbungsreihe<\/td><td class=\"column-4\">P 003<\/td><td class=\"column-5\">Artikel<\/td>\n<\/tr>\n<tr class=\"row-19\">\n\t<td class=\"column-1\"><a href=\"https:\/\/sperzelhp.de\/?p=401\" target=\"_blank\" rel=\"noopener noreferrer\">Konzentration und Genauigkeit<\/a><\/td><td class=\"column-2\">Konzentration und Genauigkeit in der Asana<\/td><td class=\"column-3\">Kurz\u00fcbungsreihe<\/td><td class=\"column-4\">P 004<\/td><td class=\"column-5\">Artikel<\/td>\n<\/tr>\n<tr class=\"row-20\">\n\t<td class=\"column-1\"><a href=\"https:\/\/sperzelhp.de\/?p=408\" target=\"_blank\" rel=\"noopener noreferrer\">Schulter\u00f6ffnung<\/a><\/td><td class=\"column-2\">Schulter\u00f6ffnung<\/td><td class=\"column-3\">Kurz\u00fcbungsreihe<\/td><td class=\"column-4\">P 005<\/td><td class=\"column-5\">Artikel<\/td>\n<\/tr>\n<tr class=\"row-21\">\n\t<td class=\"column-1\"><a href=\"https:\/\/sperzelhp.de\/?p=414\" target=\"_blank\" rel=\"noopener noreferrer\">Energieniveau<\/a><\/td><td class=\"column-2\">Erweiterung des Energieniveaus<\/td><td class=\"column-3\">Kurz\u00fcbungsreihe<\/td><td class=\"column-4\">P 006<\/td><td class=\"column-5\">Artikel<\/td>\n<\/tr>\n<tr class=\"row-22\">\n\t<td class=\"column-1\"><a href=\"https:\/\/sperzelhp.de\/?p=422\" target=\"_blank\" rel=\"noopener noreferrer\">Rechts-Links<\/a><\/td><td class=\"column-2\">Rechts-Links-Differenzen ausgleichen<\/td><td class=\"column-3\">Kurz\u00fcbungsreihe<\/td><td class=\"column-4\">P 007<\/td><td class=\"column-5\">Artikel<\/td>\n<\/tr>\n<tr class=\"row-23\">\n\t<td class=\"column-1\"><a href=\"https:\/\/sperzelhp.de\/?p=426\" target=\"_blank\" rel=\"noopener noreferrer\">\u00d6ffnung oberer R\u00fccken<\/a><\/td><td class=\"column-2\">\u00d6ffnung des oberen R\u00fcckens<\/td><td class=\"column-3\">Kurz\u00fcbungsreihe<\/td><td class=\"column-4\">P 008<\/td><td class=\"column-5\">Artikel<\/td>\n<\/tr>\n<tr class=\"row-24\">\n\t<td class=\"column-1\"><a href=\"https:\/\/sperzelhp.de\/?p=488\">Kopfstand- Bandha<\/a><\/td><td class=\"column-2\">Ein\u00fcbung des Kopfstandes (R\u00fccken, Bandha)<\/td><td class=\"column-3\">Kurz\u00fcbungsreihe<\/td><td class=\"column-4\">P 009<\/td><td class=\"column-5\">Artikel<\/td>\n<\/tr>\n<tr class=\"row-25\">\n\t<td class=\"column-1\"><a href=\"https:\/\/sperzelhp.de\/?p=530\">Kraft-Geschmeidigkeit<\/a><\/td><td class=\"column-2\">Kraft und Geschmeidigkeit<\/td><td class=\"column-3\">Kurz\u00fcbungsreihe<\/td><td class=\"column-4\">P 010<\/td><td class=\"column-5\">Artikel<\/td>\n<\/tr>\n<tr class=\"row-26\">\n\t<td class=\"column-1\"><a href=\"https:\/\/sperzelhp.de\/?p=536\" rel=\"noopener noreferrer\" target=\"_blank\">Schulter und Stab. der H\u00fcfte<\/a><\/td><td class=\"column-2\">Schulter\u00f6ffnung und Stabilisierung der H\u00fcfte<\/td><td class=\"column-3\">Kurz\u00fcbungsreihe<\/td><td class=\"column-4\">P 011<\/td><td class=\"column-5\">Artikel<\/td>\n<\/tr>\n<tr class=\"row-27\">\n\t<td class=\"column-1\"><a href=\"https:\/\/sperzelhp.de\/?p=563\" rel=\"noopener noreferrer\" target=\"_blank\">Kopfstand und Beine<\/a><\/td><td class=\"column-2\">Kopfstand und Lockerung der Beine<\/td><td class=\"column-3\">Kurz\u00fcbungsreihe<\/td><td class=\"column-4\">P 012<\/td><td class=\"column-5\">Artikel<\/td>\n<\/tr>\n<tr class=\"row-28\">\n\t<td class=\"column-1\"><a href=\"https:\/\/sperzelhp.de\/?p=560\">Mitte_Dreieck<\/a><\/td><td class=\"column-2\">Halten der Mitte am Beispiel Dreieck<\/td><td class=\"column-3\">Kurz\u00fcbungsreihe<\/td><td class=\"column-4\">P 013<\/td><td class=\"column-5\">Artikel<\/td>\n<\/tr>\n<tr class=\"row-29\">\n\t<td class=\"column-1\"><a href=\"https:\/\/sperzelhp.de\/?p=617\" rel=\"noopener noreferrer\" target=\"_blank\">Schulterarbeit und H\u00fcfte<\/a><\/td><td class=\"column-2\">Schulterarbeit und H\u00fcfte<\/td><td class=\"column-3\">Kurz\u00fcbungsreihe<\/td><td class=\"column-4\">P 014<\/td><td class=\"column-5\">Artikel<\/td>\n<\/tr>\n<tr class=\"row-30\">\n\t<td class=\"column-1\"><a href=\"https:\/\/sperzelhp.de\/?p=620\" rel=\"noopener noreferrer\" target=\"_blank\">R\u00fcckbeugen<\/a><\/td><td class=\"column-2\">R\u00fcckbeugen<\/td><td class=\"column-3\">Kurz\u00fcbungsreihe<\/td><td class=\"column-4\">P 015<\/td><td class=\"column-5\">Artikel<\/td>\n<\/tr>\n<tr class=\"row-31\">\n\t<td class=\"column-1\"><a href=\"https:\/\/sperzelhp.de\/?p=720\">Konzentration-Stetigkeit<\/a><\/td><td class=\"column-2\">Konzentration-Stetigkeit<\/td><td class=\"column-3\">Kurz\u00fcbungsreihe<\/td><td class=\"column-4\">P 016<\/td><td class=\"column-5\">Artikel<\/td>\n<\/tr>\n<tr class=\"row-32\">\n\t<td class=\"column-1\"><a href=\"https:\/\/sperzelhp.de\/?p=717\">Kraft-Weichheit-I<\/a><\/td><td class=\"column-2\">Kraft-Weichheit I<\/td><td class=\"column-3\">Kurz\u00fcbungsreihe<\/td><td class=\"column-4\">P 017<\/td><td class=\"column-5\">Artikel<\/td>\n<\/tr>\n<tr class=\"row-33\">\n\t<td class=\"column-1\"><a href=\"https:\/\/sperzelhp.de\/?p=885\" rel=\"noopener noreferrer\" target=\"_blank\">St\u00e4rkung des Immunsystems<\/a><\/td><td class=\"column-2\">St\u00e4rkung des Immunsystems<\/td><td class=\"column-3\">Kurz\u00fcbungsreihe<\/td><td class=\"column-4\">P 018<\/td><td class=\"column-5\">Artikel<\/td>\n<\/tr>\n<tr class=\"row-34\">\n\t<td class=\"column-1\"><a href=\"https:\/\/sperzelhp.de\/?p=894\" rel=\"noopener noreferrer\" target=\"_blank\">Weiche Beweglichkeit R\u00fccken Becken<\/a><\/td><td class=\"column-2\">Weiche Beweglichkeit R\u00fccken und Becken <\/td><td class=\"column-3\">Kurz\u00fcbungsreihe<\/td><td class=\"column-4\">P 019<\/td><td class=\"column-5\">Artikel<\/td>\n<\/tr>\n<\/tbody>\n<\/table>\n<!-- #tablepress-2 from cache -->\n<div class=\"pdfprnt-buttons pdfprnt-buttons-page pdfprnt-bottom-right\"><a href=\"https:\/\/sperzelhp.de\/index.php?rest_route=%2Fwp%2Fv2%2Fpages%2F326&print=pdf\" class=\"pdfprnt-button pdfprnt-button-pdf\" target=\"_blank\" ><img decoding=\"async\" src=\"https:\/\/sperzelhp.de\/wp-content\/plugins\/pdf-print\/images\/pdf.png\" alt=\"image_pdf\" title=\"PDF anzeigen\" \/><\/a><a href=\"https:\/\/sperzelhp.de\/index.php?rest_route=%2Fwp%2Fv2%2Fpages%2F326&print=print\" class=\"pdfprnt-button pdfprnt-button-print\" target=\"_blank\" ><img decoding=\"async\" src=\"https:\/\/sperzelhp.de\/wp-content\/plugins\/pdf-print\/images\/print.png\" alt=\"image_print\" title=\"Inhalt drucken\" \/><\/a><\/div>","protected":false},"excerpt":{"rendered":"<p>Nachfolgend stelle ich eine Sammlung von \u00dcbungsanleitungen zur Verf\u00fcgung. Diese sind unterteilt in \u00dcbungen (Asanas, Pranayamas), Kurz\u00fcbungsanleitungen (max 10 bis 12 Minuten-Programme) und \u00dcbungsreihen (z.B.<\/p>\n","protected":false},"author":1,"featured_media":0,"parent":834,"menu_order":4,"comment_status":"closed","ping_status":"closed","template":"","meta":{"footnotes":"","_links_to":"","_links_to_target":""},"class_list":["post-326","page","type-page","status-publish","hentry"],"_links":{"self":[{"href":"https:\/\/sperzelhp.de\/index.php?rest_route=\/wp\/v2\/pages\/326","targetHints":{"allow":["GET"]}}],"collection":[{"href":"https:\/\/sperzelhp.de\/index.php?rest_route=\/wp\/v2\/pages"}],"about":[{"href":"https:\/\/sperzelhp.de\/index.php?rest_route=\/wp\/v2\/types\/page"}],"author":[{"embeddable":true,"href":"https:\/\/sperzelhp.de\/index.php?rest_route=\/wp\/v2\/users\/1"}],"replies":[{"embeddable":true,"href":"https:\/\/sperzelhp.de\/index.php?rest_route=%2Fwp%2Fv2%2Fcomments&post=326"}],"version-history":[{"count":4,"href":"https:\/\/sperzelhp.de\/index.php?rest_route=\/wp\/v2\/pages\/326\/revisions"}],"predecessor-version":[{"id":838,"href":"https:\/\/sperzelhp.de\/index.php?rest_route=\/wp\/v2\/pages\/326\/revisions\/838"}],"up":[{"embeddable":true,"href":"https:\/\/sperzelhp.de\/index.php?rest_route=\/wp\/v2\/pages\/834"}],"wp:attachment":[{"href":"https:\/\/sperzelhp.de\/index.php?rest_route=%2Fwp%2Fv2%2Fmedia&parent=326"}],"curies":[{"name":"wp","href":"https:\/\/api.w.org\/{rel}","templated":true}]}}