{"id":826,"date":"2019-12-14T15:53:39","date_gmt":"2019-12-14T15:53:39","guid":{"rendered":"https:\/\/sperzelhp.de\/?page_id=826"},"modified":"2019-12-15T08:15:11","modified_gmt":"2019-12-15T08:15:11","slug":"moderne-themen","status":"publish","type":"page","link":"https:\/\/sperzelhp.de\/?page_id=826","title":{"rendered":"Moderne Themen"},"content":{"rendered":"\n<p>Wenn ich \u00fcber Yoga in seiner modernen Form schreibe, dann enth\u00e4lt der Text entweder neue Ideen zu alt bekannten Themen oder versucht, moderne Formen des Yoga einerseits und\/oder neue Ver\u00f6ffentlichungen zu hinterfragen und\/oder zu beleuchten. \u00dcber Yoga wird sehr viel geschrieben. Es gibt mittlerweile mehr als Einhundert verschiedene Stile und Traditionen, und jede davon h\u00e4lt sich f\u00fcr einzig und wahr. Das ist gut so, allerdings sollte aber auch immer im Focus stehen, was Yoga eigentlich auszeichnet. Das sehe ich leider heute nicht immer als gegeben an. Daher hinterfrage ich und versuche so zu verbinden, was nicht immer als zusammen geh\u00f6rig angesehen werden kann.<\/p>\n<p>Da nicht alle Artikel von mir auf Suniskaya-Yoga stehen, verweisen die Tabelleneintr\u00e4ge auch auf andere von mir bef\u00fcllte Blog-Seiten. Ich bitte um Verst\u00e4ndnis dar\u00fcber, das ich sie nicht zweimal im Netz bereitstellen kann. Sie werden aber stets in einen neuen Tab ge\u00f6ffnet. Weiterhin k\u00f6nnen einige der sehr langen Texte nur als PDF \u00fcber Download angeboten werden.<\/p>\n\n<table id=\"tablepress-5\" class=\"tablepress tablepress-id-5\">\n<tbody class=\"row-striping row-hover\">\n<tr class=\"row-1\">\n\t<td class=\"column-1\"><a href=\"https:\/\/sperzelhp.de\/?p=221\">Yoga, Bewusstsein<\/a><\/td><td class=\"column-2\"><\/td><td class=\"column-3\">Yoga, Bewusstsein und die Formen von \u00dcbung<\/td>\n<\/tr>\n<tr class=\"row-2\">\n\t<td class=\"column-1\"><a href=\"https:\/\/sperzelhp.de\/?p=145\">Yoga Moderne<\/a><\/td><td class=\"column-2\"><\/td><td class=\"column-3\">Wie Yoga wirkt im Umfeld der Moderne<\/td>\n<\/tr>\n<tr class=\"row-3\">\n\t<td class=\"column-1\"><a href=\"https:\/\/sperzelhp.de\/?p=1213\">Zwischen Kognition, Hom\u00f6ostase, Priorisierungen und Strategie<\/a><\/td><td class=\"column-2\"><\/td><td class=\"column-3\">Zwischen Kognition, Hom\u00f6ostase, Priorisierungen und Strategie<\/td>\n<\/tr>\n<tr class=\"row-4\">\n\t<td class=\"column-1\"><a href=\"https:\/\/sperzelhp.de\/?p=1207\">Yoga Bewusstsein und die Formen der \u00dcbung<\/a><\/td><td class=\"column-2\"><\/td><td class=\"column-3\">Yoga Bewusstsein und die Formen der \u00dcbung<\/td>\n<\/tr>\n<\/tbody>\n<\/table>\n<!-- #tablepress-5 from cache -->\n<div class=\"pdfprnt-buttons pdfprnt-buttons-page pdfprnt-bottom-right\"><a href=\"https:\/\/sperzelhp.de\/index.php?rest_route=%2Fwp%2Fv2%2Fpages%2F826&print=pdf\" class=\"pdfprnt-button pdfprnt-button-pdf\" target=\"_blank\" ><img decoding=\"async\" src=\"https:\/\/sperzelhp.de\/wp-content\/plugins\/pdf-print\/images\/pdf.png\" alt=\"image_pdf\" title=\"PDF anzeigen\" \/><\/a><a href=\"https:\/\/sperzelhp.de\/index.php?rest_route=%2Fwp%2Fv2%2Fpages%2F826&print=print\" class=\"pdfprnt-button pdfprnt-button-print\" target=\"_blank\" ><img decoding=\"async\" src=\"https:\/\/sperzelhp.de\/wp-content\/plugins\/pdf-print\/images\/print.png\" alt=\"image_print\" title=\"Inhalt drucken\" \/><\/a><\/div>","protected":false},"excerpt":{"rendered":"<p>Wenn ich \u00fcber Yoga in seiner modernen Form schreibe, dann enth\u00e4lt der Text entweder neue Ideen zu alt bekannten Themen oder versucht, moderne Formen des<\/p>\n","protected":false},"author":1,"featured_media":0,"parent":834,"menu_order":2,"comment_status":"closed","ping_status":"closed","template":"","meta":{"footnotes":"","_links_to":"","_links_to_target":""},"class_list":["post-826","page","type-page","status-publish","hentry"],"_links":{"self":[{"href":"https:\/\/sperzelhp.de\/index.php?rest_route=\/wp\/v2\/pages\/826","targetHints":{"allow":["GET"]}}],"collection":[{"href":"https:\/\/sperzelhp.de\/index.php?rest_route=\/wp\/v2\/pages"}],"about":[{"href":"https:\/\/sperzelhp.de\/index.php?rest_route=\/wp\/v2\/types\/page"}],"author":[{"embeddable":true,"href":"https:\/\/sperzelhp.de\/index.php?rest_route=\/wp\/v2\/users\/1"}],"replies":[{"embeddable":true,"href":"https:\/\/sperzelhp.de\/index.php?rest_route=%2Fwp%2Fv2%2Fcomments&post=826"}],"version-history":[{"count":4,"href":"https:\/\/sperzelhp.de\/index.php?rest_route=\/wp\/v2\/pages\/826\/revisions"}],"predecessor-version":[{"id":830,"href":"https:\/\/sperzelhp.de\/index.php?rest_route=\/wp\/v2\/pages\/826\/revisions\/830"}],"up":[{"embeddable":true,"href":"https:\/\/sperzelhp.de\/index.php?rest_route=\/wp\/v2\/pages\/834"}],"wp:attachment":[{"href":"https:\/\/sperzelhp.de\/index.php?rest_route=%2Fwp%2Fv2%2Fmedia&parent=826"}],"curies":[{"name":"wp","href":"https:\/\/api.w.org\/{rel}","templated":true}]}}