{"id":831,"date":"2019-12-14T16:02:16","date_gmt":"2019-12-14T16:02:16","guid":{"rendered":"https:\/\/sperzelhp.de\/?page_id=831"},"modified":"2019-12-15T08:14:17","modified_gmt":"2019-12-15T08:14:17","slug":"die-praxis-des-yoga-suniscaya-system","status":"publish","type":"page","link":"https:\/\/sperzelhp.de\/?page_id=831","title":{"rendered":"Die Praxis des Yoga (Suniscaya-System)"},"content":{"rendered":"\n<p>Die vorliegenden Texte besch\u00e4ftigen sich mit der Praxis des Yoga aus theoretischer Sicht. Es werden hier (im Gegensatz zum Men\u00fcpunkt \u00dcbungsanleitungen) keine \u00dcbungsanleitungen angeboten. Ich schreibe hier \u00fcber meine Ansicht zu Yoga unter bestimmten Gesichtspunkten, die in meiner Praxis aufgefallen sind und die der Erl\u00e4uterung der Hintergr\u00fcnde bzw. der Richtigstellung bed\u00fcrfen. Yoga ist eine sehr alte Tradition und bedarf, wie schon eingangs erw\u00e4hnt, einer immerw\u00e4hrenden Anpassung an die Bed\u00fcrfnisse der Menschen in ihrer Kultur und Epoche. Wir k\u00f6nnen nicht die Texte von vor 2000 Jahren einfach so in die heutige Zeit hin\u00fcbertragen und 1:1 umsetzen. F\u00fcr viele Themen, die im Yoga behandelt wurden, gibt es heute bessere Ans\u00e4tze, gibt es mehr Erfahrung und deutlich mehr Wissen. Viele Erfindungen und Entwicklungen (z.B.: Antibiotika, Flugzeuge) lassen heute andere Reaktionsweisen zu, erm\u00f6glichen ganz neue Wege. Wir sollten diese Erkenntnisse nicht missachten!<\/p>\n<p>Da nicht alle Artikel von mir auf Suniskaya-Yoga stehen, verweisen die Tabelleneintr\u00e4ge auch auf andere von mir bef\u00fcllte Blog-Seiten. Ich bitte um Verst\u00e4ndnis dar\u00fcber, das ich sie nicht zweimal im Netz bereitstellen kann. Sie werden aber stets in einen neuen Tab ge\u00f6ffnet. Die Texte werden zum Teil als Artikel oder als PDF \u00fcber Download angeboten.<\/p>\n\n<table id=\"tablepress-7\" class=\"tablepress tablepress-id-7\">\n<tbody class=\"row-striping row-hover\">\n<tr class=\"row-1\">\n\t<td class=\"column-1\"><a href=\"https:\/\/sperzelhp.de\/?p=848\" rel=\"noopener noreferrer\" target=\"_blank\">Definitionen in Suniscaya Yoga<\/a><\/td><td class=\"column-2\"><\/td><td class=\"column-3\">Definitionen<\/td>\n<\/tr>\n<tr class=\"row-2\">\n\t<td class=\"column-1\"><a href=\"https:\/\/sperzelhp.de\/?p=856\" rel=\"noopener noreferrer\" target=\"_blank\">Asana im Suniscaya Yoga System<\/a><\/td><td class=\"column-2\"><\/td><td class=\"column-3\">Asana<\/td>\n<\/tr>\n<tr class=\"row-3\">\n\t<td class=\"column-1\"><a href=\"https:\/\/sperzelhp.de\/?p=936\" title=\"Was in Yoga-B\u00fcchern nicht nachgelesen werden kann\">Was in Yoga-B\u00fcchern nicht nachgelesen werden kann<\/a><\/td><td class=\"column-2\"><\/td><td class=\"column-3\">Was in Yoga-B\u00fcchern nicht nachgelesen werden kann<\/td>\n<\/tr>\n<tr class=\"row-4\">\n\t<td class=\"column-1\"><a href=\"https:\/\/sperzelhp.de\/?p=1275\">Bandhas, Agrenis und Pranas in Suniscaya<\/a><\/td><td class=\"column-2\"><\/td><td class=\"column-3\">Bandhas Pranas Agrenis in Suniscaya<\/td>\n<\/tr>\n<\/tbody>\n<\/table>\n<!-- #tablepress-7 from cache -->\n<div class=\"pdfprnt-buttons pdfprnt-buttons-page pdfprnt-bottom-right\"><a href=\"https:\/\/sperzelhp.de\/index.php?rest_route=%2Fwp%2Fv2%2Fpages%2F831&print=pdf\" class=\"pdfprnt-button pdfprnt-button-pdf\" target=\"_blank\" ><img decoding=\"async\" src=\"https:\/\/sperzelhp.de\/wp-content\/plugins\/pdf-print\/images\/pdf.png\" alt=\"image_pdf\" title=\"PDF anzeigen\" \/><\/a><a href=\"https:\/\/sperzelhp.de\/index.php?rest_route=%2Fwp%2Fv2%2Fpages%2F831&print=print\" class=\"pdfprnt-button pdfprnt-button-print\" target=\"_blank\" ><img decoding=\"async\" src=\"https:\/\/sperzelhp.de\/wp-content\/plugins\/pdf-print\/images\/print.png\" alt=\"image_print\" title=\"Inhalt drucken\" \/><\/a><\/div>","protected":false},"excerpt":{"rendered":"<p>Die vorliegenden Texte besch\u00e4ftigen sich mit der Praxis des Yoga aus theoretischer Sicht. Es werden hier (im Gegensatz zum Men\u00fcpunkt \u00dcbungsanleitungen) keine \u00dcbungsanleitungen angeboten. Ich<\/p>\n","protected":false},"author":1,"featured_media":0,"parent":834,"menu_order":1,"comment_status":"closed","ping_status":"closed","template":"","meta":{"footnotes":"","_links_to":"","_links_to_target":""},"class_list":["post-831","page","type-page","status-publish","hentry"],"_links":{"self":[{"href":"https:\/\/sperzelhp.de\/index.php?rest_route=\/wp\/v2\/pages\/831","targetHints":{"allow":["GET"]}}],"collection":[{"href":"https:\/\/sperzelhp.de\/index.php?rest_route=\/wp\/v2\/pages"}],"about":[{"href":"https:\/\/sperzelhp.de\/index.php?rest_route=\/wp\/v2\/types\/page"}],"author":[{"embeddable":true,"href":"https:\/\/sperzelhp.de\/index.php?rest_route=\/wp\/v2\/users\/1"}],"replies":[{"embeddable":true,"href":"https:\/\/sperzelhp.de\/index.php?rest_route=%2Fwp%2Fv2%2Fcomments&post=831"}],"version-history":[{"count":2,"href":"https:\/\/sperzelhp.de\/index.php?rest_route=\/wp\/v2\/pages\/831\/revisions"}],"predecessor-version":[{"id":833,"href":"https:\/\/sperzelhp.de\/index.php?rest_route=\/wp\/v2\/pages\/831\/revisions\/833"}],"up":[{"embeddable":true,"href":"https:\/\/sperzelhp.de\/index.php?rest_route=\/wp\/v2\/pages\/834"}],"wp:attachment":[{"href":"https:\/\/sperzelhp.de\/index.php?rest_route=%2Fwp%2Fv2%2Fmedia&parent=831"}],"curies":[{"name":"wp","href":"https:\/\/api.w.org\/{rel}","templated":true}]}}